{"id":184832,"date":"2024-08-15T16:40:45","date_gmt":"2024-08-15T14:40:45","guid":{"rendered":"https:\/?post_type=product&#038;p=184832"},"modified":"2024-12-15T20:35:14","modified_gmt":"2024-12-15T19:35:14","slug":"elfen-helden-jacke-damen-xjr-split-spray","status":"publish","type":"product","link":"https:\/\/motor-designparts.de\/en\/product\/elfen-helden-jacke-damen-xjr-split-spray\/","title":{"rendered":"Elfen &#038; Helden Jacke Damen XJR Split Spray"},"content":{"rendered":"<p>Tolle Sweat Kapuzen-Jacke von Elfen &amp; Helden &#8221; Yamaha XJR &#8221; . \u00a0Innen kuschelig angeraut. Der R\u00fccken aufw\u00e4ndig bedruckt in Strass und Glitter. Aufw\u00e4ndige funkelnde Details mit Glitter und Strass Steinen. &#8221; Elfen &amp; Helden&#8221; verwendet ausschlie\u00dflich Strass Steine und Materialien von h\u00f6chster Qualit\u00e4t. Die Steine haben einen 14 Facetten Schliff und sind dadurch kaum von den Bleikristall-Strass Steinen\u00a0des \u00f6sterreichischen\u00a0Herstellers zu\u00a0unterscheiden. Gleichm\u00e4\u00dfigkeit, strahlendes Funkeln und Haltbarkeit zeichnen jedes einzelne St\u00fcck aus. Jedes T-Shirt und Accessoire von Elfen &amp; Helden ist ein Hingucker und absolut einzigartig! Material: :80% Baumwolle, ringgesponnen20% PolyesterPflegehinweise: &#8221; linksrum &#8221; &#8211; Motiv nach innen &#8211; waschen Waschtemperatur maximal 40\u00b0C nicht f\u00fcr Trockner geeignet B\u00fcgeln &#8221; linksrum &#8221; &#8211; nicht mit dem B\u00fcgeleisen direkt auf das Motiv kommen<\/p>\n","protected":false},"excerpt":{"rendered":"<p>Tolle Sweat Kapuzen-Jacke von Elfen &amp; Helden &#8221; Yamaha XJR &#8221; .\u00a0Innen kuschelig angeraut.Der R\u00fccken aufw\u00e4ndig bedruckt in Strass und Gli&#8230;<\/p>\n","protected":false},"featured_media":184824,"comment_status":"open","ping_status":"closed","template":"","meta":{"_monsterinsights_skip_tracking":false,"_monsterinsights_sitenote_active":false,"_monsterinsights_sitenote_note":"","_monsterinsights_sitenote_category":0,"ocean_post_layout":"","ocean_both_sidebars_style":"","ocean_both_sidebars_content_width":0,"ocean_both_sidebars_sidebars_width":0,"ocean_sidebar":"0","ocean_second_sidebar":"0","ocean_disable_margins":"enable","ocean_add_body_class":"","ocean_shortcode_before_top_bar":"","ocean_shortcode_after_top_bar":"","ocean_shortcode_before_header":"","ocean_shortcode_after_header":"","ocean_has_shortcode":"","ocean_shortcode_after_title":"","ocean_shortcode_before_footer_widgets":"","ocean_shortcode_after_footer_widgets":"","ocean_shortcode_before_footer_bottom":"","ocean_shortcode_after_footer_bottom":"","ocean_display_top_bar":"default","ocean_display_header":"default","ocean_header_style":"","ocean_center_header_left_menu":"0","ocean_custom_header_template":"0","ocean_custom_logo":0,"ocean_custom_retina_logo":0,"ocean_custom_logo_max_width":0,"ocean_custom_logo_tablet_max_width":0,"ocean_custom_logo_mobile_max_width":0,"ocean_custom_logo_max_height":0,"ocean_custom_logo_tablet_max_height":0,"ocean_custom_logo_mobile_max_height":0,"ocean_header_custom_menu":"0","ocean_menu_typo_font_family":"0","ocean_menu_typo_font_subset":"","ocean_menu_typo_font_size":0,"ocean_menu_typo_font_size_tablet":0,"ocean_menu_typo_font_size_mobile":0,"ocean_menu_typo_font_size_unit":"px","ocean_menu_typo_font_weight":"","ocean_menu_typo_font_weight_tablet":"","ocean_menu_typo_font_weight_mobile":"","ocean_menu_typo_transform":"","ocean_menu_typo_transform_tablet":"","ocean_menu_typo_transform_mobile":"","ocean_menu_typo_line_height":0,"ocean_menu_typo_line_height_tablet":0,"ocean_menu_typo_line_height_mobile":0,"ocean_menu_typo_line_height_unit":"","ocean_menu_typo_spacing":0,"ocean_menu_typo_spacing_tablet":0,"ocean_menu_typo_spacing_mobile":0,"ocean_menu_typo_spacing_unit":"","ocean_menu_link_color":"","ocean_menu_link_color_hover":"","ocean_menu_link_color_active":"","ocean_menu_link_background":"","ocean_menu_link_hover_background":"","ocean_menu_link_active_background":"","ocean_menu_social_links_bg":"","ocean_menu_social_hover_links_bg":"","ocean_menu_social_links_color":"","ocean_menu_social_hover_links_color":"","ocean_disable_title":"default","ocean_disable_heading":"default","ocean_post_title":"","ocean_post_subheading":"","ocean_post_title_style":"","ocean_post_title_background_color":"","ocean_post_title_background":0,"ocean_post_title_bg_image_position":"","ocean_post_title_bg_image_attachment":"","ocean_post_title_bg_image_repeat":"","ocean_post_title_bg_image_size":"","ocean_post_title_height":0,"ocean_post_title_bg_overlay":0.5,"ocean_post_title_bg_overlay_color":"","ocean_disable_breadcrumbs":"default","ocean_breadcrumbs_color":"","ocean_breadcrumbs_separator_color":"","ocean_breadcrumbs_links_color":"","ocean_breadcrumbs_links_hover_color":"","ocean_display_footer_widgets":"default","ocean_display_footer_bottom":"default","ocean_custom_footer_template":"0"},"product_brand":[],"product_cat":[307],"product_tag":[306],"class_list":{"0":"post-184832","1":"product","2":"type-product","3":"status-publish","4":"has-post-thumbnail","6":"product_cat-elfen-helden-damen","7":"product_tag-elfen-helden","8":"pa_farbe-schwarz","10":"entry","11":"has-media","13":"first","14":"instock","15":"taxable","16":"shipping-taxable","17":"purchasable","18":"product-type-variable","19":"has-product-nav","20":"col","21":"span_1_of_4","22":"owp-content-center","23":"item-entry","24":"owp-thumbs-layout-horizontal","25":"owp-btn-normal","26":"owp-tabs-layout-horizontal","28":"circle-sale"},"supplier_id":null,"supplier_sku":"","barcode":null,"atum_controlled":true,"out_stock_date":null,"out_stock_threshold":null,"inheritable":true,"inbound_stock":null,"stock_on_hold":0,"sold_today":0,"sales_last_days":0,"reserved_stock":null,"customer_returns":null,"warehouse_damage":null,"lost_in_post":null,"other_logs":null,"out_stock_days":0,"lost_sales":0,"has_location":false,"update_date":"2026-05-03T02:10:52","atum_locations":[],"atum_stock_status":"instock","restock_status":false,"low_stock_amount":"","sales_update_date":"2026-05-03T02:10:52","calc_backorders":null,"aioseo_notices":[],"_links":{"self":[{"href":"https:\/\/motor-designparts.de\/en\/wp-json\/wp\/v2\/product\/184832","targetHints":{"allow":["GET"]}}],"collection":[{"href":"https:\/\/motor-designparts.de\/en\/wp-json\/wp\/v2\/product"}],"about":[{"href":"https:\/\/motor-designparts.de\/en\/wp-json\/wp\/v2\/types\/product"}],"replies":[{"embeddable":true,"href":"https:\/\/motor-designparts.de\/en\/wp-json\/wp\/v2\/comments?post=184832"}],"version-history":[{"count":2,"href":"https:\/\/motor-designparts.de\/en\/wp-json\/wp\/v2\/product\/184832\/revisions"}],"predecessor-version":[{"id":184839,"href":"https:\/\/motor-designparts.de\/en\/wp-json\/wp\/v2\/product\/184832\/revisions\/184839"}],"wp:featuredmedia":[{"embeddable":true,"href":"https:\/\/motor-designparts.de\/en\/wp-json\/wp\/v2\/media\/184824"}],"wp:attachment":[{"href":"https:\/\/motor-designparts.de\/en\/wp-json\/wp\/v2\/media?parent=184832"}],"wp:term":[{"taxonomy":"product_brand","embeddable":true,"href":"https:\/\/motor-designparts.de\/en\/wp-json\/wp\/v2\/product_brand?post=184832"},{"taxonomy":"product_cat","embeddable":true,"href":"https:\/\/motor-designparts.de\/en\/wp-json\/wp\/v2\/product_cat?post=184832"},{"taxonomy":"product_tag","embeddable":true,"href":"https:\/\/motor-designparts.de\/en\/wp-json\/wp\/v2\/product_tag?post=184832"}],"curies":[{"name":"wp","href":"https:\/\/api.w.org\/{rel}","templated":true}]}}