{"id":181605,"date":"2021-01-15T17:53:18","date_gmt":"2021-01-15T16:53:18","guid":{"rendered":"https:\/produkt\/import-placeholder-for-121662\/"},"modified":"2024-12-15T20:35:28","modified_gmt":"2024-12-15T19:35:28","slug":"schluesselanhaenger-elfen-helden-vip","status":"publish","type":"product","link":"https:\/\/motor-designparts.de\/en\/product\/schluesselanhaenger-elfen-helden-vip\/","title":{"rendered":"Elfen &#038; Helden Schl\u00fcsselanh\u00e4nger VIP"},"content":{"rendered":"<p>Schl\u00fcsselanh\u00e4nger  &#8221; VIP &#8221;  aus Filz mit Strasssteinen verziert. Die Grundfarbe desr Schl\u00fcsselanh\u00e4ngers ist Schwarz. Verziert mit dem Schriftzug  &#8221; VIP &#8221;  aus goldenen Nieten und kristallfarbenen Strasssteinen. Ein absoluter Hingucker und freches Accessoire. Gr\u00f6\u00dfe ca. 13,5 cm x 3 cm<\/p>\n","protected":false},"excerpt":{"rendered":"<p>Schl\u00fcsselanh\u00e4nger  &#8221; VIP &#8221;  aus Filz mit Strasssteinen verziert.Die Grundfarbe desr Schl\u00fcsselanh\u00e4ngers ist Schwarz. Verziert mit dem Schriftzug&#8230;<\/p>\n","protected":false},"featured_media":181663,"comment_status":"open","ping_status":"closed","template":"","meta":{"_monsterinsights_skip_tracking":false,"_monsterinsights_sitenote_active":false,"_monsterinsights_sitenote_note":"","_monsterinsights_sitenote_category":0,"ocean_post_layout":"","ocean_both_sidebars_style":"","ocean_both_sidebars_content_width":0,"ocean_both_sidebars_sidebars_width":0,"ocean_sidebar":"","ocean_second_sidebar":"","ocean_disable_margins":"enable","ocean_add_body_class":"","ocean_shortcode_before_top_bar":"","ocean_shortcode_after_top_bar":"","ocean_shortcode_before_header":"","ocean_shortcode_after_header":"","ocean_has_shortcode":"","ocean_shortcode_after_title":"","ocean_shortcode_before_footer_widgets":"","ocean_shortcode_after_footer_widgets":"","ocean_shortcode_before_footer_bottom":"","ocean_shortcode_after_footer_bottom":"","ocean_display_top_bar":"default","ocean_display_header":"default","ocean_header_style":"","ocean_center_header_left_menu":"","ocean_custom_header_template":"","ocean_custom_logo":0,"ocean_custom_retina_logo":0,"ocean_custom_logo_max_width":0,"ocean_custom_logo_tablet_max_width":0,"ocean_custom_logo_mobile_max_width":0,"ocean_custom_logo_max_height":0,"ocean_custom_logo_tablet_max_height":0,"ocean_custom_logo_mobile_max_height":0,"ocean_header_custom_menu":"","ocean_menu_typo_font_family":"","ocean_menu_typo_font_subset":"","ocean_menu_typo_font_size":0,"ocean_menu_typo_font_size_tablet":0,"ocean_menu_typo_font_size_mobile":0,"ocean_menu_typo_font_size_unit":"px","ocean_menu_typo_font_weight":"","ocean_menu_typo_font_weight_tablet":"","ocean_menu_typo_font_weight_mobile":"","ocean_menu_typo_transform":"","ocean_menu_typo_transform_tablet":"","ocean_menu_typo_transform_mobile":"","ocean_menu_typo_line_height":0,"ocean_menu_typo_line_height_tablet":0,"ocean_menu_typo_line_height_mobile":0,"ocean_menu_typo_line_height_unit":"","ocean_menu_typo_spacing":0,"ocean_menu_typo_spacing_tablet":0,"ocean_menu_typo_spacing_mobile":0,"ocean_menu_typo_spacing_unit":"","ocean_menu_link_color":"","ocean_menu_link_color_hover":"","ocean_menu_link_color_active":"","ocean_menu_link_background":"","ocean_menu_link_hover_background":"","ocean_menu_link_active_background":"","ocean_menu_social_links_bg":"","ocean_menu_social_hover_links_bg":"","ocean_menu_social_links_color":"","ocean_menu_social_hover_links_color":"","ocean_disable_title":"default","ocean_disable_heading":"default","ocean_post_title":"","ocean_post_subheading":"","ocean_post_title_style":"","ocean_post_title_background_color":"","ocean_post_title_background":0,"ocean_post_title_bg_image_position":"","ocean_post_title_bg_image_attachment":"","ocean_post_title_bg_image_repeat":"","ocean_post_title_bg_image_size":"","ocean_post_title_height":0,"ocean_post_title_bg_overlay":0.5,"ocean_post_title_bg_overlay_color":"","ocean_disable_breadcrumbs":"default","ocean_breadcrumbs_color":"","ocean_breadcrumbs_separator_color":"","ocean_breadcrumbs_links_color":"","ocean_breadcrumbs_links_hover_color":"","ocean_display_footer_widgets":"default","ocean_display_footer_bottom":"default","ocean_custom_footer_template":""},"product_brand":[],"product_cat":[305],"product_tag":[306],"class_list":{"0":"post-181605","1":"product","2":"type-product","3":"status-publish","4":"has-post-thumbnail","6":"product_cat-elfen-helden-accessoires","7":"product_tag-elfen-helden","8":"pa_farbe-rot","9":"pa_farbe-blau","10":"pa_farbe-gruen","11":"pa_farbe-schwarz","12":"pa_farbe-grau","13":"pa_farbe-orange","15":"entry","16":"has-media","18":"first","19":"instock","20":"taxable","21":"shipping-taxable","22":"purchasable","23":"product-type-variable","24":"has-product-nav","25":"col","26":"span_1_of_4","27":"owp-content-center","28":"item-entry","29":"owp-thumbs-layout-horizontal","30":"owp-btn-normal","31":"owp-tabs-layout-horizontal","33":"circle-sale"},"supplier_id":null,"supplier_sku":"","barcode":null,"atum_controlled":true,"out_stock_date":null,"out_stock_threshold":null,"inheritable":false,"inbound_stock":0,"stock_on_hold":0,"sold_today":0,"sales_last_days":0,"reserved_stock":0,"customer_returns":0,"warehouse_damage":0,"lost_in_post":0,"other_logs":0,"out_stock_days":0,"lost_sales":0,"has_location":false,"update_date":"2026-05-03T02:08:54","atum_locations":[],"atum_stock_status":"instock","restock_status":false,"low_stock_amount":"","sales_update_date":"2026-05-03T02:08:54","calc_backorders":null,"aioseo_notices":[],"_links":{"self":[{"href":"https:\/\/motor-designparts.de\/en\/wp-json\/wp\/v2\/product\/181605","targetHints":{"allow":["GET"]}}],"collection":[{"href":"https:\/\/motor-designparts.de\/en\/wp-json\/wp\/v2\/product"}],"about":[{"href":"https:\/\/motor-designparts.de\/en\/wp-json\/wp\/v2\/types\/product"}],"replies":[{"embeddable":true,"href":"https:\/\/motor-designparts.de\/en\/wp-json\/wp\/v2\/comments?post=181605"}],"version-history":[{"count":2,"href":"https:\/\/motor-designparts.de\/en\/wp-json\/wp\/v2\/product\/181605\/revisions"}],"predecessor-version":[{"id":184890,"href":"https:\/\/motor-designparts.de\/en\/wp-json\/wp\/v2\/product\/181605\/revisions\/184890"}],"wp:featuredmedia":[{"embeddable":true,"href":"https:\/\/motor-designparts.de\/en\/wp-json\/wp\/v2\/media\/181663"}],"wp:attachment":[{"href":"https:\/\/motor-designparts.de\/en\/wp-json\/wp\/v2\/media?parent=181605"}],"wp:term":[{"taxonomy":"product_brand","embeddable":true,"href":"https:\/\/motor-designparts.de\/en\/wp-json\/wp\/v2\/product_brand?post=181605"},{"taxonomy":"product_cat","embeddable":true,"href":"https:\/\/motor-designparts.de\/en\/wp-json\/wp\/v2\/product_cat?post=181605"},{"taxonomy":"product_tag","embeddable":true,"href":"https:\/\/motor-designparts.de\/en\/wp-json\/wp\/v2\/product_tag?post=181605"}],"curies":[{"name":"wp","href":"https:\/\/api.w.org\/{rel}","templated":true}]}}