{"id":181484,"date":"2021-01-15T17:52:53","date_gmt":"2021-01-15T16:52:53","guid":{"rendered":"https:\/produkt\/import-placeholder-for-121921\/"},"modified":"2024-12-15T20:38:05","modified_gmt":"2024-12-15T19:38:05","slug":"shirt-herren-elfen-helden-bmw-s-1000-r-maske-2","status":"publish","type":"product","link":"https:\/\/motor-designparts.de\/en\/product\/shirt-herren-elfen-helden-bmw-s-1000-r-maske-2\/","title":{"rendered":"Elfen &#038; Helden Shirt Herren BMW S 1000 R Maske"},"content":{"rendered":"<p>T-Shirt von Elfen &#038; Helden f\u00fcr Herren. BMW S 1000 R Aufdruck vorne\u00a0Maske Classic. Aufdruck R\u00fccken wahlweise  &#8221; Hetz mich net!  &#8221;  oder  &#8221; Ich Ich darf das das &#8221; Aufw\u00e4ndige Details hochwertigste Materialien und Drucke. Jedes T-Shirt und Accessoire von Elfen &#038; Helden ist ein Hingucker und absolut einzigartig! Material: :100% BaumwollePflegehinweise:\u00a0     &#8221; linksrum &#8221;    &#8211; Motiv nach innen &#8211; waschen    Waschtemperatur   maximal 40\u00b0C    nicht   f\u00fcr Trockner geeignet    B\u00fcgeln    &#8221; linksrum &#8221; &#8211; nicht mit dem B\u00fcgeleisen direkt auf das Motiv   kommen<\/p>\n","protected":false},"excerpt":{"rendered":"<p>T-Shirt von Elfen &#038; Helden f\u00fcr Herren. BMW S 1000 R Aufdruck vorne\u00a0Maske Classic<\/p>\n","protected":false},"featured_media":181556,"comment_status":"open","ping_status":"closed","template":"","meta":{"_monsterinsights_skip_tracking":false,"_monsterinsights_sitenote_active":false,"_monsterinsights_sitenote_note":"","_monsterinsights_sitenote_category":0,"ocean_post_layout":"","ocean_both_sidebars_style":"","ocean_both_sidebars_content_width":0,"ocean_both_sidebars_sidebars_width":0,"ocean_sidebar":"","ocean_second_sidebar":"","ocean_disable_margins":"enable","ocean_add_body_class":"","ocean_shortcode_before_top_bar":"","ocean_shortcode_after_top_bar":"","ocean_shortcode_before_header":"","ocean_shortcode_after_header":"","ocean_has_shortcode":"","ocean_shortcode_after_title":"","ocean_shortcode_before_footer_widgets":"","ocean_shortcode_after_footer_widgets":"","ocean_shortcode_before_footer_bottom":"","ocean_shortcode_after_footer_bottom":"","ocean_display_top_bar":"default","ocean_display_header":"default","ocean_header_style":"","ocean_center_header_left_menu":"","ocean_custom_header_template":"","ocean_custom_logo":0,"ocean_custom_retina_logo":0,"ocean_custom_logo_max_width":0,"ocean_custom_logo_tablet_max_width":0,"ocean_custom_logo_mobile_max_width":0,"ocean_custom_logo_max_height":0,"ocean_custom_logo_tablet_max_height":0,"ocean_custom_logo_mobile_max_height":0,"ocean_header_custom_menu":"","ocean_menu_typo_font_family":"","ocean_menu_typo_font_subset":"","ocean_menu_typo_font_size":0,"ocean_menu_typo_font_size_tablet":0,"ocean_menu_typo_font_size_mobile":0,"ocean_menu_typo_font_size_unit":"px","ocean_menu_typo_font_weight":"","ocean_menu_typo_font_weight_tablet":"","ocean_menu_typo_font_weight_mobile":"","ocean_menu_typo_transform":"","ocean_menu_typo_transform_tablet":"","ocean_menu_typo_transform_mobile":"","ocean_menu_typo_line_height":0,"ocean_menu_typo_line_height_tablet":0,"ocean_menu_typo_line_height_mobile":0,"ocean_menu_typo_line_height_unit":"","ocean_menu_typo_spacing":0,"ocean_menu_typo_spacing_tablet":0,"ocean_menu_typo_spacing_mobile":0,"ocean_menu_typo_spacing_unit":"","ocean_menu_link_color":"","ocean_menu_link_color_hover":"","ocean_menu_link_color_active":"","ocean_menu_link_background":"","ocean_menu_link_hover_background":"","ocean_menu_link_active_background":"","ocean_menu_social_links_bg":"","ocean_menu_social_hover_links_bg":"","ocean_menu_social_links_color":"","ocean_menu_social_hover_links_color":"","ocean_disable_title":"default","ocean_disable_heading":"default","ocean_post_title":"","ocean_post_subheading":"","ocean_post_title_style":"","ocean_post_title_background_color":"","ocean_post_title_background":0,"ocean_post_title_bg_image_position":"","ocean_post_title_bg_image_attachment":"","ocean_post_title_bg_image_repeat":"","ocean_post_title_bg_image_size":"","ocean_post_title_height":0,"ocean_post_title_bg_overlay":0.5,"ocean_post_title_bg_overlay_color":"","ocean_disable_breadcrumbs":"default","ocean_breadcrumbs_color":"","ocean_breadcrumbs_separator_color":"","ocean_breadcrumbs_links_color":"","ocean_breadcrumbs_links_hover_color":"","ocean_display_footer_widgets":"default","ocean_display_footer_bottom":"default","ocean_custom_footer_template":""},"product_brand":[],"product_cat":[387],"product_tag":[306],"class_list":{"0":"post-181484","1":"product","2":"type-product","3":"status-publish","4":"has-post-thumbnail","6":"product_cat-elfen-helden-herren","7":"product_tag-elfen-helden","8":"pa_farbe-ich-darf-das","9":"pa_farbe-hetz-mich-net","11":"entry","12":"has-media","14":"first","15":"instock","16":"taxable","17":"shipping-taxable","18":"purchasable","19":"product-type-variable","20":"has-product-nav","21":"col","22":"span_1_of_4","23":"owp-content-center","24":"item-entry","25":"owp-thumbs-layout-horizontal","26":"owp-btn-normal","27":"owp-tabs-layout-horizontal","29":"circle-sale"},"supplier_id":null,"supplier_sku":"","barcode":null,"atum_controlled":true,"out_stock_date":null,"out_stock_threshold":null,"inheritable":false,"inbound_stock":0,"stock_on_hold":0,"sold_today":0,"sales_last_days":0,"reserved_stock":0,"customer_returns":0,"warehouse_damage":0,"lost_in_post":0,"other_logs":0,"out_stock_days":0,"lost_sales":0,"has_location":false,"update_date":"2026-04-16T00:56:37","atum_locations":[],"atum_stock_status":"instock","restock_status":false,"low_stock_amount":"","sales_update_date":"2026-04-16T00:56:37","calc_backorders":null,"aioseo_notices":[],"_links":{"self":[{"href":"https:\/\/motor-designparts.de\/en\/wp-json\/wp\/v2\/product\/181484","targetHints":{"allow":["GET"]}}],"collection":[{"href":"https:\/\/motor-designparts.de\/en\/wp-json\/wp\/v2\/product"}],"about":[{"href":"https:\/\/motor-designparts.de\/en\/wp-json\/wp\/v2\/types\/product"}],"replies":[{"embeddable":true,"href":"https:\/\/motor-designparts.de\/en\/wp-json\/wp\/v2\/comments?post=181484"}],"version-history":[{"count":2,"href":"https:\/\/motor-designparts.de\/en\/wp-json\/wp\/v2\/product\/181484\/revisions"}],"predecessor-version":[{"id":184923,"href":"https:\/\/motor-designparts.de\/en\/wp-json\/wp\/v2\/product\/181484\/revisions\/184923"}],"wp:featuredmedia":[{"embeddable":true,"href":"https:\/\/motor-designparts.de\/en\/wp-json\/wp\/v2\/media\/181556"}],"wp:attachment":[{"href":"https:\/\/motor-designparts.de\/en\/wp-json\/wp\/v2\/media?parent=181484"}],"wp:term":[{"taxonomy":"product_brand","embeddable":true,"href":"https:\/\/motor-designparts.de\/en\/wp-json\/wp\/v2\/product_brand?post=181484"},{"taxonomy":"product_cat","embeddable":true,"href":"https:\/\/motor-designparts.de\/en\/wp-json\/wp\/v2\/product_cat?post=181484"},{"taxonomy":"product_tag","embeddable":true,"href":"https:\/\/motor-designparts.de\/en\/wp-json\/wp\/v2\/product_tag?post=181484"}],"curies":[{"name":"wp","href":"https:\/\/api.w.org\/{rel}","templated":true}]}}