{"id":181127,"date":"2021-01-15T17:51:36","date_gmt":"2021-01-15T16:51:36","guid":{"rendered":"https:\/produkt\/import-placeholder-for-121655\/"},"modified":"2024-12-15T20:34:44","modified_gmt":"2024-12-15T19:34:44","slug":"guerteltasche-elfen-helden-heart","status":"publish","type":"product","link":"https:\/\/motor-designparts.de\/en\/product\/guerteltasche-elfen-helden-heart\/","title":{"rendered":"Elfen &#038; Helden G\u00fcrteltasche Heart"},"content":{"rendered":"<p>Praktische G\u00fcrteltasche von Elfen &#038; Helden\u00a0  &#8221; Heart &#8211; Swirls &#8221;  aus\u00a0strapazierf\u00e4higem Polyester\u00a0mit Strasssteinen verziert. Verziert mit\u00a0Herzchen und Ranken aus funkelnden Strasssteinen. Diese praktische Tasche ist der ideale Begleiter f\u00fcr zu Hause und unterwegs. Aufw\u00e4ndige funkelnde Details mit Glitter und Strass Steinen.  &#8221; Elfen &#038; Helden&#8221; verwendet ausschlie\u00dflich Strass Steine und Materialien von h\u00f6chster Qualit\u00e4t. Die Steine haben einen 14 Facetten Schliff und sind dadurch kaum von den Bleikristall-Strass Steinen des \u00f6sterreichischen Herstellers zu unterscheiden. Gleichm\u00e4\u00dfigkeit, strahlendes Funkeln und Haltbarkeit zeichnen jedes einzelne St\u00fcck aus. Jedes T-Shirt und Accessoire von Elfen &#038; Helden ist ein Hingucker und absolut einzigartig! 600D Polyester verstellbarer H\u00fcftgurt grosses Hauptfach Rei\u00dfverschluss-Fach auf der R\u00fcckseite Gewicht: 130 g Ma\u00dfe 38 cm\u00a0x 14 cm\u00a0x 8 cm Inhalt: 2,5 Liter<\/p>\n","protected":false},"excerpt":{"rendered":"<p>Praktische G\u00fcrteltasche von Elfen &#038; Helden\u00a0  &#8221; Heart &#8211; Swirls &#8221;  aus\u00a0strapazierf\u00e4higem Polyester\u00a0mit Strasssteinen verziert&#8230;.<\/p>\n","protected":false},"featured_media":181215,"comment_status":"open","ping_status":"closed","template":"","meta":{"_monsterinsights_skip_tracking":false,"_monsterinsights_sitenote_active":false,"_monsterinsights_sitenote_note":"","_monsterinsights_sitenote_category":0,"ocean_post_layout":"","ocean_both_sidebars_style":"","ocean_both_sidebars_content_width":0,"ocean_both_sidebars_sidebars_width":0,"ocean_sidebar":"","ocean_second_sidebar":"","ocean_disable_margins":"enable","ocean_add_body_class":"","ocean_shortcode_before_top_bar":"","ocean_shortcode_after_top_bar":"","ocean_shortcode_before_header":"","ocean_shortcode_after_header":"","ocean_has_shortcode":"","ocean_shortcode_after_title":"","ocean_shortcode_before_footer_widgets":"","ocean_shortcode_after_footer_widgets":"","ocean_shortcode_before_footer_bottom":"","ocean_shortcode_after_footer_bottom":"","ocean_display_top_bar":"default","ocean_display_header":"default","ocean_header_style":"","ocean_center_header_left_menu":"","ocean_custom_header_template":"","ocean_custom_logo":0,"ocean_custom_retina_logo":0,"ocean_custom_logo_max_width":0,"ocean_custom_logo_tablet_max_width":0,"ocean_custom_logo_mobile_max_width":0,"ocean_custom_logo_max_height":0,"ocean_custom_logo_tablet_max_height":0,"ocean_custom_logo_mobile_max_height":0,"ocean_header_custom_menu":"","ocean_menu_typo_font_family":"","ocean_menu_typo_font_subset":"","ocean_menu_typo_font_size":0,"ocean_menu_typo_font_size_tablet":0,"ocean_menu_typo_font_size_mobile":0,"ocean_menu_typo_font_size_unit":"px","ocean_menu_typo_font_weight":"","ocean_menu_typo_font_weight_tablet":"","ocean_menu_typo_font_weight_mobile":"","ocean_menu_typo_transform":"","ocean_menu_typo_transform_tablet":"","ocean_menu_typo_transform_mobile":"","ocean_menu_typo_line_height":0,"ocean_menu_typo_line_height_tablet":0,"ocean_menu_typo_line_height_mobile":0,"ocean_menu_typo_line_height_unit":"","ocean_menu_typo_spacing":0,"ocean_menu_typo_spacing_tablet":0,"ocean_menu_typo_spacing_mobile":0,"ocean_menu_typo_spacing_unit":"","ocean_menu_link_color":"","ocean_menu_link_color_hover":"","ocean_menu_link_color_active":"","ocean_menu_link_background":"","ocean_menu_link_hover_background":"","ocean_menu_link_active_background":"","ocean_menu_social_links_bg":"","ocean_menu_social_hover_links_bg":"","ocean_menu_social_links_color":"","ocean_menu_social_hover_links_color":"","ocean_disable_title":"default","ocean_disable_heading":"default","ocean_post_title":"","ocean_post_subheading":"","ocean_post_title_style":"","ocean_post_title_background_color":"","ocean_post_title_background":0,"ocean_post_title_bg_image_position":"","ocean_post_title_bg_image_attachment":"","ocean_post_title_bg_image_repeat":"","ocean_post_title_bg_image_size":"","ocean_post_title_height":0,"ocean_post_title_bg_overlay":0.5,"ocean_post_title_bg_overlay_color":"","ocean_disable_breadcrumbs":"default","ocean_breadcrumbs_color":"","ocean_breadcrumbs_separator_color":"","ocean_breadcrumbs_links_color":"","ocean_breadcrumbs_links_hover_color":"","ocean_display_footer_widgets":"default","ocean_display_footer_bottom":"default","ocean_custom_footer_template":""},"product_brand":[],"product_cat":[305],"product_tag":[306],"class_list":{"0":"post-181127","1":"product","2":"type-product","3":"status-publish","4":"has-post-thumbnail","6":"product_cat-elfen-helden-accessoires","7":"product_tag-elfen-helden","8":"pa_farbe-orange-sun","9":"pa_farbe-pink-capri","10":"pa_farbe-pink-peridot","11":"pa_farbe-rot-rot","12":"pa_farbe-royal-peridot","13":"pa_farbe-schwarz-rot","14":"pa_farbe-schwarz-pink","15":"pa_farbe-apfelgruen-pink","16":"pa_farbe-weiss-pink","17":"pa_farbe-grau-pink","18":"pa_farbe-weiss-rot","19":"pa_farbe-grau-rot","20":"pa_farbe-marine-pink","21":"pa_farbe-orange-garnet","23":"entry","24":"has-media","26":"first","27":"instock","28":"taxable","29":"shipping-taxable","30":"purchasable","31":"product-type-variable","32":"has-product-nav","33":"col","34":"span_1_of_4","35":"owp-content-center","36":"item-entry","37":"owp-thumbs-layout-horizontal","38":"owp-btn-normal","39":"owp-tabs-layout-horizontal","41":"circle-sale"},"supplier_id":null,"supplier_sku":"","barcode":null,"atum_controlled":true,"out_stock_date":null,"out_stock_threshold":null,"inheritable":false,"inbound_stock":0,"stock_on_hold":0,"sold_today":0,"sales_last_days":0,"reserved_stock":0,"customer_returns":0,"warehouse_damage":0,"lost_in_post":0,"other_logs":0,"out_stock_days":0,"lost_sales":0,"has_location":false,"update_date":"2026-05-01T02:05:09","atum_locations":[],"atum_stock_status":"instock","restock_status":false,"low_stock_amount":"","sales_update_date":"2026-05-01T02:05:09","calc_backorders":null,"aioseo_notices":[],"_links":{"self":[{"href":"https:\/\/motor-designparts.de\/en\/wp-json\/wp\/v2\/product\/181127","targetHints":{"allow":["GET"]}}],"collection":[{"href":"https:\/\/motor-designparts.de\/en\/wp-json\/wp\/v2\/product"}],"about":[{"href":"https:\/\/motor-designparts.de\/en\/wp-json\/wp\/v2\/types\/product"}],"replies":[{"embeddable":true,"href":"https:\/\/motor-designparts.de\/en\/wp-json\/wp\/v2\/comments?post=181127"}],"version-history":[{"count":2,"href":"https:\/\/motor-designparts.de\/en\/wp-json\/wp\/v2\/product\/181127\/revisions"}],"predecessor-version":[{"id":184849,"href":"https:\/\/motor-designparts.de\/en\/wp-json\/wp\/v2\/product\/181127\/revisions\/184849"}],"wp:featuredmedia":[{"embeddable":true,"href":"https:\/\/motor-designparts.de\/en\/wp-json\/wp\/v2\/media\/181215"}],"wp:attachment":[{"href":"https:\/\/motor-designparts.de\/en\/wp-json\/wp\/v2\/media?parent=181127"}],"wp:term":[{"taxonomy":"product_brand","embeddable":true,"href":"https:\/\/motor-designparts.de\/en\/wp-json\/wp\/v2\/product_brand?post=181127"},{"taxonomy":"product_cat","embeddable":true,"href":"https:\/\/motor-designparts.de\/en\/wp-json\/wp\/v2\/product_cat?post=181127"},{"taxonomy":"product_tag","embeddable":true,"href":"https:\/\/motor-designparts.de\/en\/wp-json\/wp\/v2\/product_tag?post=181127"}],"curies":[{"name":"wp","href":"https:\/\/api.w.org\/{rel}","templated":true}]}}