{"id":181124,"date":"2021-01-15T17:51:36","date_gmt":"2021-01-15T16:51:36","guid":{"rendered":"https:\/produkt\/import-placeholder-for-129543\/"},"modified":"2024-12-15T20:34:57","modified_gmt":"2024-12-15T19:34:57","slug":"halstuch-kopftuch-schal-elfen-helden-ladies-skull-spider","status":"publish","type":"product","link":"https:\/\/motor-designparts.de\/en\/product\/halstuch-kopftuch-schal-elfen-helden-ladies-skull-spider\/","title":{"rendered":"Elfen &#038; Helden Halstuch &#8211; Kopftuch &#8211; Schal Ladies Skull Spider"},"content":{"rendered":"<p>Cooles Multifunktionstuch von Elfen &#038; Helden. Motiv Totenkopf\/Skull im SpinnennetzDas Wundertuch l\u00e4sst sich mit nur wenigen Handgriffen in Stirnband, Halstuch, M\u00fctze, Piratentuch und vieles mehr verwandeln. Das multifunktionelle Original ist nahtlos aus einem St\u00fcck hergestellt, sehr widerstandsf\u00e4hig und passt sich optimal an den Kopf an, ohne aufzutragen. Tuchgr\u00f6\u00dfe: Breite: 25cm,  H\u00f6he: 50cmKopfumfang: 53 &#8211; 62 cm (normale Standard Erwachsenen-Gr\u00f6\u00dfe, f\u00fcr Kinder ab dem 7. Lebensjahr) Aufw\u00e4ndige funkelnde Details mit Glitter und Strass Steinen. ?Elfen &#038; Helden&#8221; verwendet ausschlie\u00dflich Strass Steine und Materialien von h\u00f6chster Qualit\u00e4t. Die Steine haben einen 14 Facetten Schliff und sind dadurch kaum von den Bleikristall-Strass Steinen\u00a0des \u00f6sterreichischen\u00a0Herstellers zu\u00a0unterscheiden. Gleichm\u00e4\u00dfigkeit, strahlendes Funkeln und Haltbarkeit zeichnen jedes einzelne St\u00fcck aus. Jedes T-Shirt und Accessoire von Elfen &#038; Helden ist ein Hingucker und absolut einzigartig! Material: :100% Polyester Pflegehinweise:\u00a0     &#8221; linksrum &#8221;    &#8211; Motiv nach innen &#8211; waschen    Waschtemperatur   maximal 40\u00b0C    nicht   f\u00fcr Trockner geeignet    B\u00fcgeln    &#8221; linksrum &#8221; &#8211; nicht mit dem B\u00fcgeleisen direkt auf das Motiv   kommen<\/p>\n","protected":false},"excerpt":{"rendered":"<p>Cooles Multifunktionstuch von Elfen &#038; Helden. Motiv Totenkopf\/Skull im SpinnennetzDas Wundertuch l\u00e4sst sich mit nur wenigen Handgriffen in Stirnband, Halstuch, M\u00fctze, Piratentuch und vieles mehr verwandeln<\/p>\n","protected":false},"featured_media":181200,"comment_status":"open","ping_status":"closed","template":"","meta":{"_monsterinsights_skip_tracking":false,"_monsterinsights_sitenote_active":false,"_monsterinsights_sitenote_note":"","_monsterinsights_sitenote_category":0,"ocean_post_layout":"","ocean_both_sidebars_style":"","ocean_both_sidebars_content_width":0,"ocean_both_sidebars_sidebars_width":0,"ocean_sidebar":"","ocean_second_sidebar":"","ocean_disable_margins":"enable","ocean_add_body_class":"","ocean_shortcode_before_top_bar":"","ocean_shortcode_after_top_bar":"","ocean_shortcode_before_header":"","ocean_shortcode_after_header":"","ocean_has_shortcode":"","ocean_shortcode_after_title":"","ocean_shortcode_before_footer_widgets":"","ocean_shortcode_after_footer_widgets":"","ocean_shortcode_before_footer_bottom":"","ocean_shortcode_after_footer_bottom":"","ocean_display_top_bar":"default","ocean_display_header":"default","ocean_header_style":"","ocean_center_header_left_menu":"","ocean_custom_header_template":"","ocean_custom_logo":0,"ocean_custom_retina_logo":0,"ocean_custom_logo_max_width":0,"ocean_custom_logo_tablet_max_width":0,"ocean_custom_logo_mobile_max_width":0,"ocean_custom_logo_max_height":0,"ocean_custom_logo_tablet_max_height":0,"ocean_custom_logo_mobile_max_height":0,"ocean_header_custom_menu":"","ocean_menu_typo_font_family":"","ocean_menu_typo_font_subset":"","ocean_menu_typo_font_size":0,"ocean_menu_typo_font_size_tablet":0,"ocean_menu_typo_font_size_mobile":0,"ocean_menu_typo_font_size_unit":"px","ocean_menu_typo_font_weight":"","ocean_menu_typo_font_weight_tablet":"","ocean_menu_typo_font_weight_mobile":"","ocean_menu_typo_transform":"","ocean_menu_typo_transform_tablet":"","ocean_menu_typo_transform_mobile":"","ocean_menu_typo_line_height":0,"ocean_menu_typo_line_height_tablet":0,"ocean_menu_typo_line_height_mobile":0,"ocean_menu_typo_line_height_unit":"","ocean_menu_typo_spacing":0,"ocean_menu_typo_spacing_tablet":0,"ocean_menu_typo_spacing_mobile":0,"ocean_menu_typo_spacing_unit":"","ocean_menu_link_color":"","ocean_menu_link_color_hover":"","ocean_menu_link_color_active":"","ocean_menu_link_background":"","ocean_menu_link_hover_background":"","ocean_menu_link_active_background":"","ocean_menu_social_links_bg":"","ocean_menu_social_hover_links_bg":"","ocean_menu_social_links_color":"","ocean_menu_social_hover_links_color":"","ocean_disable_title":"default","ocean_disable_heading":"default","ocean_post_title":"","ocean_post_subheading":"","ocean_post_title_style":"","ocean_post_title_background_color":"","ocean_post_title_background":0,"ocean_post_title_bg_image_position":"","ocean_post_title_bg_image_attachment":"","ocean_post_title_bg_image_repeat":"","ocean_post_title_bg_image_size":"","ocean_post_title_height":0,"ocean_post_title_bg_overlay":0.5,"ocean_post_title_bg_overlay_color":"","ocean_disable_breadcrumbs":"default","ocean_breadcrumbs_color":"","ocean_breadcrumbs_separator_color":"","ocean_breadcrumbs_links_color":"","ocean_breadcrumbs_links_hover_color":"","ocean_display_footer_widgets":"default","ocean_display_footer_bottom":"default","ocean_custom_footer_template":""},"product_brand":[],"product_cat":[305],"product_tag":[306],"class_list":{"0":"post-181124","1":"product","2":"type-product","3":"status-publish","4":"has-post-thumbnail","6":"product_cat-elfen-helden-accessoires","7":"product_tag-elfen-helden","8":"pa_farbe-grau","9":"pa_farbe-weiss","10":"pa_farbe-heather-grau","11":"pa_farbe-marine","12":"pa_farbe-lila","13":"pa_farbe-lime","14":"pa_farbe-schwarz","15":"pa_farbe-mocca","16":"pa_farbe-orange","17":"pa_farbe-pink","18":"pa_farbe-aqua","19":"pa_farbe-rosa","20":"pa_farbe-camouflage-grau","21":"pa_farbe-rot","22":"pa_farbe-camouflage-olive","23":"pa_farbe-royal","24":"pa_farbe-flaschengruen","25":"pa_farbe-sand","26":"pa_farbe-gelb","27":"pa_farbe-sky","29":"entry","30":"has-media","32":"first","33":"instock","34":"taxable","35":"shipping-taxable","36":"purchasable","37":"product-type-variable","38":"has-product-nav","39":"col","40":"span_1_of_4","41":"owp-content-center","42":"item-entry","43":"owp-thumbs-layout-horizontal","44":"owp-btn-normal","45":"owp-tabs-layout-horizontal","47":"circle-sale"},"supplier_id":null,"supplier_sku":"","barcode":null,"atum_controlled":true,"out_stock_date":null,"out_stock_threshold":null,"inheritable":false,"inbound_stock":null,"stock_on_hold":0,"sold_today":0,"sales_last_days":0,"reserved_stock":null,"customer_returns":null,"warehouse_damage":null,"lost_in_post":null,"other_logs":null,"out_stock_days":0,"lost_sales":0,"has_location":null,"update_date":"2026-04-27T01:44:49","atum_locations":[],"atum_stock_status":"instock","restock_status":false,"low_stock_amount":"","sales_update_date":"2026-04-27T01:44:49","calc_backorders":null,"aioseo_notices":[],"_links":{"self":[{"href":"https:\/\/motor-designparts.de\/en\/wp-json\/wp\/v2\/product\/181124","targetHints":{"allow":["GET"]}}],"collection":[{"href":"https:\/\/motor-designparts.de\/en\/wp-json\/wp\/v2\/product"}],"about":[{"href":"https:\/\/motor-designparts.de\/en\/wp-json\/wp\/v2\/types\/product"}],"replies":[{"embeddable":true,"href":"https:\/\/motor-designparts.de\/en\/wp-json\/wp\/v2\/comments?post=181124"}],"version-history":[{"count":2,"href":"https:\/\/motor-designparts.de\/en\/wp-json\/wp\/v2\/product\/181124\/revisions"}],"predecessor-version":[{"id":184862,"href":"https:\/\/motor-designparts.de\/en\/wp-json\/wp\/v2\/product\/181124\/revisions\/184862"}],"wp:featuredmedia":[{"embeddable":true,"href":"https:\/\/motor-designparts.de\/en\/wp-json\/wp\/v2\/media\/181200"}],"wp:attachment":[{"href":"https:\/\/motor-designparts.de\/en\/wp-json\/wp\/v2\/media?parent=181124"}],"wp:term":[{"taxonomy":"product_brand","embeddable":true,"href":"https:\/\/motor-designparts.de\/en\/wp-json\/wp\/v2\/product_brand?post=181124"},{"taxonomy":"product_cat","embeddable":true,"href":"https:\/\/motor-designparts.de\/en\/wp-json\/wp\/v2\/product_cat?post=181124"},{"taxonomy":"product_tag","embeddable":true,"href":"https:\/\/motor-designparts.de\/en\/wp-json\/wp\/v2\/product_tag?post=181124"}],"curies":[{"name":"wp","href":"https:\/\/api.w.org\/{rel}","templated":true}]}}