{"id":181116,"date":"2021-01-15T17:51:34","date_gmt":"2021-01-15T16:51:34","guid":{"rendered":"https:\/produkt\/import-placeholder-for-121527\/"},"modified":"2024-12-15T20:35:24","modified_gmt":"2024-12-15T19:35:24","slug":"multifunktionshalstuch-kopftuch-schal-xjr-power","status":"publish","type":"product","link":"https:\/\/motor-designparts.de\/en\/product\/multifunktionshalstuch-kopftuch-schal-xjr-power\/","title":{"rendered":"Elfen &#038; Helden MultifunktionsHalstuch &#8211; Kopftuch &#8211; Schal XJR Power"},"content":{"rendered":"<p>Das Wundertuch l\u00e4sst sich mit nur wenigen Handgriffen in Stirnband, Halstuch, M\u00fctze, Piratentuch und vieles mehr verwandeln. Das multifunktionelle Original ist nahtlos aus einem St\u00fcck hergestellt, sehr widerstandsf\u00e4hig und passt sich optimal an den Kopf an, ohne aufzutragen. Tuchgr\u00f6\u00dfe: Breite: 25cm,  H\u00f6he: 50cmKopfumfang: 53 &#8211; 62 cm (normale Standard Erwachsenen-Gr\u00f6\u00dfe, f\u00fcr Kinder ab dem 7. Lebensjahr) Material: :  100% Polyester<\/p>\n","protected":false},"excerpt":{"rendered":"<p>Das Wundertuch l\u00e4sst sich mit nur wenigen Handgriffen in Stirnband, Halstuch, M\u00fctze, Piratentuch und vieles mehr verwandeln. Das multifunktionelle &#8230;<\/p>\n","protected":false},"featured_media":181162,"comment_status":"open","ping_status":"closed","template":"","meta":{"_monsterinsights_skip_tracking":false,"_monsterinsights_sitenote_active":false,"_monsterinsights_sitenote_note":"","_monsterinsights_sitenote_category":0,"ocean_post_layout":"","ocean_both_sidebars_style":"","ocean_both_sidebars_content_width":0,"ocean_both_sidebars_sidebars_width":0,"ocean_sidebar":"","ocean_second_sidebar":"","ocean_disable_margins":"enable","ocean_add_body_class":"","ocean_shortcode_before_top_bar":"","ocean_shortcode_after_top_bar":"","ocean_shortcode_before_header":"","ocean_shortcode_after_header":"","ocean_has_shortcode":"","ocean_shortcode_after_title":"","ocean_shortcode_before_footer_widgets":"","ocean_shortcode_after_footer_widgets":"","ocean_shortcode_before_footer_bottom":"","ocean_shortcode_after_footer_bottom":"","ocean_display_top_bar":"default","ocean_display_header":"default","ocean_header_style":"","ocean_center_header_left_menu":"","ocean_custom_header_template":"","ocean_custom_logo":0,"ocean_custom_retina_logo":0,"ocean_custom_logo_max_width":0,"ocean_custom_logo_tablet_max_width":0,"ocean_custom_logo_mobile_max_width":0,"ocean_custom_logo_max_height":0,"ocean_custom_logo_tablet_max_height":0,"ocean_custom_logo_mobile_max_height":0,"ocean_header_custom_menu":"","ocean_menu_typo_font_family":"","ocean_menu_typo_font_subset":"","ocean_menu_typo_font_size":0,"ocean_menu_typo_font_size_tablet":0,"ocean_menu_typo_font_size_mobile":0,"ocean_menu_typo_font_size_unit":"px","ocean_menu_typo_font_weight":"","ocean_menu_typo_font_weight_tablet":"","ocean_menu_typo_font_weight_mobile":"","ocean_menu_typo_transform":"","ocean_menu_typo_transform_tablet":"","ocean_menu_typo_transform_mobile":"","ocean_menu_typo_line_height":0,"ocean_menu_typo_line_height_tablet":0,"ocean_menu_typo_line_height_mobile":0,"ocean_menu_typo_line_height_unit":"","ocean_menu_typo_spacing":0,"ocean_menu_typo_spacing_tablet":0,"ocean_menu_typo_spacing_mobile":0,"ocean_menu_typo_spacing_unit":"","ocean_menu_link_color":"","ocean_menu_link_color_hover":"","ocean_menu_link_color_active":"","ocean_menu_link_background":"","ocean_menu_link_hover_background":"","ocean_menu_link_active_background":"","ocean_menu_social_links_bg":"","ocean_menu_social_hover_links_bg":"","ocean_menu_social_links_color":"","ocean_menu_social_hover_links_color":"","ocean_disable_title":"default","ocean_disable_heading":"default","ocean_post_title":"","ocean_post_subheading":"","ocean_post_title_style":"","ocean_post_title_background_color":"","ocean_post_title_background":0,"ocean_post_title_bg_image_position":"","ocean_post_title_bg_image_attachment":"","ocean_post_title_bg_image_repeat":"","ocean_post_title_bg_image_size":"","ocean_post_title_height":0,"ocean_post_title_bg_overlay":0.5,"ocean_post_title_bg_overlay_color":"","ocean_disable_breadcrumbs":"default","ocean_breadcrumbs_color":"","ocean_breadcrumbs_separator_color":"","ocean_breadcrumbs_links_color":"","ocean_breadcrumbs_links_hover_color":"","ocean_display_footer_widgets":"default","ocean_display_footer_bottom":"default","ocean_custom_footer_template":""},"product_brand":[],"product_cat":[305],"product_tag":[306],"class_list":{"0":"post-181116","1":"product","2":"type-product","3":"status-publish","4":"has-post-thumbnail","6":"product_cat-elfen-helden-accessoires","7":"product_tag-elfen-helden","8":"pa_farbe-gelb-schwarz","9":"pa_farbe-marine-weiss","10":"pa_farbe-schwarz-grau","11":"pa_farbe-grau-schwarz","12":"pa_farbe-orange-schwarz","13":"pa_farbe-schwarz-rot","14":"pa_farbe-grau-weiss","15":"pa_farbe-pink-schwarz","16":"pa_farbe-schwarz-weiss","17":"pa_farbe-heather-blau","18":"pa_farbe-pink-weiss","19":"pa_farbe-weiss-schwarz","20":"pa_farbe-heather-gelb","21":"pa_farbe-rosa-pink","22":"pa_farbe-heather-pink","23":"pa_farbe-rosa-schwarz","24":"pa_farbe-heather-rot","25":"pa_farbe-rosa-weiss","26":"pa_farbe-heather-schwarz","27":"pa_farbe-rot-schwarz","28":"pa_farbe-heather-weiss","29":"pa_farbe-rot-weiss","30":"pa_farbe-aqua-schwarz","31":"pa_farbe-lila-weiss","32":"pa_farbe-royal-weiss","33":"pa_farbe-blau-weiss","34":"pa_farbe-lime-schwarz","35":"pa_farbe-schwarz-gelb","37":"entry","38":"has-media","40":"first","41":"instock","42":"taxable","43":"shipping-taxable","44":"purchasable","45":"product-type-variable","46":"has-product-nav","47":"col","48":"span_1_of_4","49":"owp-content-center","50":"item-entry","51":"owp-thumbs-layout-horizontal","52":"owp-btn-normal","53":"owp-tabs-layout-horizontal","55":"circle-sale"},"supplier_id":null,"supplier_sku":"","barcode":null,"atum_controlled":true,"out_stock_date":null,"out_stock_threshold":null,"inheritable":false,"inbound_stock":null,"stock_on_hold":0,"sold_today":0,"sales_last_days":0,"reserved_stock":null,"customer_returns":null,"warehouse_damage":null,"lost_in_post":null,"other_logs":null,"out_stock_days":0,"lost_sales":0,"has_location":null,"update_date":"2026-05-03T02:08:50","atum_locations":[],"atum_stock_status":"instock","restock_status":false,"low_stock_amount":"","sales_update_date":"2026-05-03T02:08:50","calc_backorders":null,"aioseo_notices":[],"_links":{"self":[{"href":"https:\/\/motor-designparts.de\/en\/wp-json\/wp\/v2\/product\/181116","targetHints":{"allow":["GET"]}}],"collection":[{"href":"https:\/\/motor-designparts.de\/en\/wp-json\/wp\/v2\/product"}],"about":[{"href":"https:\/\/motor-designparts.de\/en\/wp-json\/wp\/v2\/types\/product"}],"replies":[{"embeddable":true,"href":"https:\/\/motor-designparts.de\/en\/wp-json\/wp\/v2\/comments?post=181116"}],"version-history":[{"count":2,"href":"https:\/\/motor-designparts.de\/en\/wp-json\/wp\/v2\/product\/181116\/revisions"}],"predecessor-version":[{"id":184886,"href":"https:\/\/motor-designparts.de\/en\/wp-json\/wp\/v2\/product\/181116\/revisions\/184886"}],"wp:featuredmedia":[{"embeddable":true,"href":"https:\/\/motor-designparts.de\/en\/wp-json\/wp\/v2\/media\/181162"}],"wp:attachment":[{"href":"https:\/\/motor-designparts.de\/en\/wp-json\/wp\/v2\/media?parent=181116"}],"wp:term":[{"taxonomy":"product_brand","embeddable":true,"href":"https:\/\/motor-designparts.de\/en\/wp-json\/wp\/v2\/product_brand?post=181116"},{"taxonomy":"product_cat","embeddable":true,"href":"https:\/\/motor-designparts.de\/en\/wp-json\/wp\/v2\/product_cat?post=181116"},{"taxonomy":"product_tag","embeddable":true,"href":"https:\/\/motor-designparts.de\/en\/wp-json\/wp\/v2\/product_tag?post=181116"}],"curies":[{"name":"wp","href":"https:\/\/api.w.org\/{rel}","templated":true}]}}